{"id":5829,"date":"2023-02-06T08:23:44","date_gmt":"2023-02-06T08:23:44","guid":{"rendered":"https:\/\/www.iki-elmakina.com\/about-us\/"},"modified":"2024-11-14T11:09:22","modified_gmt":"2024-11-14T11:09:22","slug":"about-us","status":"publish","type":"page","link":"https:\/\/www.iki-elmakina.com\/en\/about-us\/","title":{"rendered":"About Us"},"content":{"rendered":"\t\t<div data-elementor-type=\"wp-page\" data-elementor-id=\"5829\" class=\"elementor elementor-5829 elementor-88\">\n\t\t\t\t\t\t<section class=\"elementor-section elementor-top-section elementor-element elementor-element-afd4382 elementor-section-boxed elementor-section-height-default elementor-section-height-default rt-parallax-bg-no\" data-id=\"afd4382\" data-element_type=\"section\">\n\t\t\t\t\t\t<div class=\"elementor-container elementor-column-gap-default\">\n\t\t\t\t\t<div class=\"elementor-column elementor-col-50 elementor-top-column elementor-element elementor-element-75053d4\" data-id=\"75053d4\" data-element_type=\"column\">\n\t\t\t<div class=\"elementor-widget-wrap elementor-element-populated\">\n\t\t\t\t\t\t<div class=\"elementor-element elementor-element-7048e59 elementor-invisible elementor-widget elementor-widget-rt-title-with-text\" data-id=\"7048e59\" data-element_type=\"widget\" data-widget_type=\"rt-title-with-text.default\">\n\t\t\t\t<div class=\"elementor-widget-container\">\n\t\t\t\t\t<div class=\"rt-title-text has-animation title-text-style1\">\n\t\t\t<div class=\"entry-subtitle hide fadeInUp\" data-wow-delay=\"0.2s\" data-wow-duration=\"1.2s\">ABOUT \u0130K\u0130-EL  MACHINE<span class=\"line\"><\/span><\/div>\n\t\t\t\t<h2 class=\"entry-title hide fadeInUp\" data-wow-delay=\"0.4s\" data-wow-duration=\"1.2s\">\u0130ki-El Machine Over 40 Years He Developed Solutions That Left a Trace of His Identity.<\/h2>\t\t\n\t\t\n\t<div class=\"entry-content hide fadeInUp\" data-wow-delay=\"0.6s\" data-wow-duration=\"1.2s\"><div class=\"elementor-element elementor-element-7048e59 elementor-invisible elementor-widget elementor-widget-rt-title-with-text\" data-id=\"7048e59\" data-element_type=\"widget\" data-widget_type=\"rt-title-with-text.default\"><div class=\"elementor-widget-container\"><div class=\"rt-title-text has-animation title-text-style1 active-animation\"><div class=\"entry-content hide fadeInUp\" data-wow-delay=\"0.6s\" data-wow-duration=\"1.2s\"><p>Our company was established in Ostim Industrial Zone in 1981. It operates in the main sector of manufacturing and selling construction machinery.<\/p><\/div><\/div><\/div><\/div><\/div>\n\n\t<\/div>\t\t\t\t<\/div>\n\t\t\t\t<\/div>\n\t\t\t\t<section class=\"elementor-section elementor-inner-section elementor-element elementor-element-870b4c2 elementor-section-boxed elementor-section-height-default elementor-section-height-default rt-parallax-bg-no\" data-id=\"870b4c2\" data-element_type=\"section\">\n\t\t\t\t\t\t<div class=\"elementor-container elementor-column-gap-default\">\n\t\t\t\t\t<div class=\"elementor-column elementor-col-50 elementor-inner-column elementor-element elementor-element-7edfdfb\" data-id=\"7edfdfb\" data-element_type=\"column\">\n\t\t\t<div class=\"elementor-widget-wrap elementor-element-populated\">\n\t\t\t\t\t\t<div class=\"elementor-element elementor-element-77c4784 elementor-invisible elementor-widget elementor-widget-rt-info-box\" data-id=\"77c4784\" data-element_type=\"widget\" data-widget_type=\"rt-info-box.default\">\n\t\t\t\t<div class=\"elementor-widget-container\">\n\t\t\t\t\t<div class=\"rt-info-box rt-info-style1 hide fadeInUp\" data-wow-delay=\"0.2s\" data-wow-duration=\"1.2s\">\n\t<div class=\"rt-info-item media-icon  \">\t\t\n\t\t<div class=\"rt-media\">\n\t\t\t \t\n\t\t\t\t\t\t\t<span class=\"rt-icon\"><i class=\" icon-faktorie-testing\"><\/i><\/span>\n\t\t\t\t\t\t\t\n\t\t<\/div>\n\t\t<div class=\"rt-content\">\n\t\t\t\t\t\t<h3 class=\"rt-title\">Professional and Qualified<\/h3>\n\t\t\t\t\t<\/div>\n\t<\/div>\n<\/div>\t\t\t\t<\/div>\n\t\t\t\t<\/div>\n\t\t\t\t\t<\/div>\n\t\t<\/div>\n\t\t\t\t<div class=\"elementor-column elementor-col-50 elementor-inner-column elementor-element elementor-element-30eff9d\" data-id=\"30eff9d\" data-element_type=\"column\">\n\t\t\t<div class=\"elementor-widget-wrap elementor-element-populated\">\n\t\t\t\t\t\t<div class=\"elementor-element elementor-element-657a04f elementor-widget__width-initial elementor-icon-list--layout-traditional elementor-list-item-link-full_width elementor-widget elementor-widget-icon-list\" data-id=\"657a04f\" data-element_type=\"widget\" data-widget_type=\"icon-list.default\">\n\t\t\t\t<div class=\"elementor-widget-container\">\n\t\t\t\t\t\t\t<ul class=\"elementor-icon-list-items\">\n\t\t\t\t\t\t\t<li class=\"elementor-icon-list-item\">\n\t\t\t\t\t\t\t\t\t\t\t<span class=\"elementor-icon-list-icon\">\n\t\t\t\t\t\t\t<i aria-hidden=\"true\" class=\"fas fa-check-circle\"><\/i>\t\t\t\t\t\t<\/span>\n\t\t\t\t\t\t\t\t\t\t<span class=\"elementor-icon-list-text\">Crushing and Screening Plants<\/span>\n\t\t\t\t\t\t\t\t\t<\/li>\n\t\t\t\t\t\t\t\t<li class=\"elementor-icon-list-item\">\n\t\t\t\t\t\t\t\t\t\t\t<span class=\"elementor-icon-list-icon\">\n\t\t\t\t\t\t\t<i aria-hidden=\"true\" class=\"fas fa-check-circle\"><\/i>\t\t\t\t\t\t<\/span>\n\t\t\t\t\t\t\t\t\t\t<span class=\"elementor-icon-list-text\">Crushers, Stone and Sand Bunkers<\/span>\n\t\t\t\t\t\t\t\t\t<\/li>\n\t\t\t\t\t\t\t\t<li class=\"elementor-icon-list-item\">\n\t\t\t\t\t\t\t\t\t\t\t<span class=\"elementor-icon-list-icon\">\n\t\t\t\t\t\t\t<i aria-hidden=\"true\" class=\"fas fa-check-circle\"><\/i>\t\t\t\t\t\t<\/span>\n\t\t\t\t\t\t\t\t\t\t<span class=\"elementor-icon-list-text\">Fixed and Mobile Conveyor Belts<\/span>\n\t\t\t\t\t\t\t\t\t<\/li>\n\t\t\t\t\t\t<\/ul>\n\t\t\t\t\t\t<\/div>\n\t\t\t\t<\/div>\n\t\t\t\t\t<\/div>\n\t\t<\/div>\n\t\t\t\t\t<\/div>\n\t\t<\/section>\n\t\t\t\t<div class=\"elementor-element elementor-element-0160e2f elementor-widget elementor-widget-text-editor\" data-id=\"0160e2f\" data-element_type=\"widget\" data-widget_type=\"text-editor.default\">\n\t\t\t\t<div class=\"elementor-widget-container\">\n\t\t\t\t\t\t\t\t\t<p>Our company acts with the aim of keeping customer satisfaction at the highest level in production and service areas. TWO-EL Makina; experienced and expert staff always strives to provide the best service to its customers in line with the principles of quality and trust. <\/p>\n\t\t\t\t\t\t\t\t<\/div>\n\t\t\t\t<\/div>\n\t\t\t\t<div class=\"elementor-element elementor-element-400f70a elementor-invisible elementor-widget elementor-widget-rt-button\" data-id=\"400f70a\" data-element_type=\"widget\" data-widget_type=\"rt-button.default\">\n\t\t\t\t<div class=\"elementor-widget-container\">\n\t\t\t\t\t<div class=\"rt-button hide fadeInUp\" data-wow-delay=\"0.2s\" data-wow-duration=\"1.2s\">\n\t\t\t<a class=\"button-link button-style-2\" href=\"https:\/\/www.iki-elmakina.com\/service\/ceneli-kiricilar\/\">\n                        <span class=\"button-text button-text-right\">Explore Services<\/span>\n                        <span class=\"icon icon-right\"><i class=\" icon-faktorie-right-arrow\"><\/i><\/span>\n                    <\/a>\n\t<\/div>\t\t\t\t<\/div>\n\t\t\t\t<\/div>\n\t\t\t\t\t<\/div>\n\t\t<\/div>\n\t\t\t\t<div class=\"elementor-column elementor-col-50 elementor-top-column elementor-element elementor-element-6d7447d\" data-id=\"6d7447d\" data-element_type=\"column\">\n\t\t\t<div class=\"elementor-widget-wrap elementor-element-populated\">\n\t\t\t\t\t\t<div class=\"elementor-element elementor-element-5b2816a elementor-hidden-mobile elementor-invisible elementor-widget elementor-widget-rt-shape\" data-id=\"5b2816a\" data-element_type=\"widget\" data-widget_type=\"rt-shape.default\">\n\t\t\t\t<div class=\"elementor-widget-container\">\n\t\t\t\t\t\n<div class=\"rt-shape-layout rt-shape-style2 hide fadeInDown\" data-wow-delay=\"0.2s\" data-wow-duration=\"1.2s\">\t\n\n            <div class=\"rt-shape-item\" style=\"position: absolute\"><span class=\"rt-img fa-spin\" style=\"animation-duration: 10s\"><\/span><\/div>\n    <\/div>\t\t\t\t<\/div>\n\t\t\t\t<\/div>\n\t\t\t\t<div class=\"elementor-element elementor-element-934bd18 responsive-image-fit elementor-widget elementor-widget-image\" data-id=\"934bd18\" data-element_type=\"widget\" data-widget_type=\"image.default\">\n\t\t\t\t<div class=\"elementor-widget-container\">\n\t\t\t\t\t\t\t\t\t\t\t\t\t\t\t<img fetchpriority=\"high\" decoding=\"async\" width=\"800\" height=\"600\" src=\"https:\/\/www.iki-elmakina.com\/wp-content\/uploads\/2023\/02\/10.jpg\" class=\"attachment-full size-full wp-image-5525\" alt=\"\" srcset=\"https:\/\/www.iki-elmakina.com\/wp-content\/uploads\/2023\/02\/10.jpg 800w, https:\/\/www.iki-elmakina.com\/wp-content\/uploads\/2023\/02\/10-300x225.jpg 300w, https:\/\/www.iki-elmakina.com\/wp-content\/uploads\/2023\/02\/10-768x576.jpg 768w, https:\/\/www.iki-elmakina.com\/wp-content\/uploads\/2023\/02\/10-600x450.jpg 600w\" sizes=\"(max-width: 800px) 100vw, 800px\" \/>\t\t\t\t\t\t\t\t\t\t\t\t\t\t\t<\/div>\n\t\t\t\t<\/div>\n\t\t\t\t<div class=\"elementor-element elementor-element-d614bcc elementor-widget__width-auto elementor-absolute elementor-invisible elementor-widget elementor-widget-rt-video\" data-id=\"d614bcc\" data-element_type=\"widget\" data-settings=\"{&quot;_position&quot;:&quot;absolute&quot;}\" data-widget_type=\"rt-video.default\">\n\t\t\t\t<div class=\"elementor-widget-container\">\n\t\t\t\t\t<div class=\"rt-video-layout rt-video-style1\">\n\t<div class=\"rt-video hide fadeInUp\" data-wow-delay=\"0.2s\" data-wow-duration=\"1.2s\">\n\t\t<div class=\"rt-img\">\n\t\t<img decoding=\"async\" width=\"300\" height=\"225\" src=\"https:\/\/www.iki-elmakina.com\/wp-content\/uploads\/2024\/10\/54-300x225.jpg\" class=\"attachment-medium size-medium wp-image-4789\" alt=\"\" srcset=\"https:\/\/www.iki-elmakina.com\/wp-content\/uploads\/2024\/10\/54-300x225.jpg 300w, https:\/\/www.iki-elmakina.com\/wp-content\/uploads\/2024\/10\/54-768x576.jpg 768w, https:\/\/www.iki-elmakina.com\/wp-content\/uploads\/2024\/10\/54-600x450.jpg 600w, https:\/\/www.iki-elmakina.com\/wp-content\/uploads\/2024\/10\/54.jpg 800w\" sizes=\"(max-width: 300px) 100vw, 300px\" \/>\t\t<div class=\"rt-icon\">\t\t\t\n\t\t\t<a class=\"rt-play play-btn-white rt-video-popup\" aria-label=\"Video Popup\" href=\"#\"><i class=\"icon-faktorie-play\"><\/i><\/a>\n\t\t\t\t\t<\/div>\n\t\t<\/div>\t\t\n\t<\/div>\n<\/div>\t\t\t\t<\/div>\n\t\t\t\t<\/div>\n\t\t\t\t\t<\/div>\n\t\t<\/div>\n\t\t\t\t\t<\/div>\n\t\t<\/section>\n\t\t\t\t<section class=\"elementor-section elementor-top-section elementor-element elementor-element-760c397 elementor-section-boxed elementor-section-height-default elementor-section-height-default rt-parallax-bg-no\" data-id=\"760c397\" data-element_type=\"section\" data-settings=\"{&quot;background_background&quot;:&quot;classic&quot;}\">\n\t\t\t\t\t\t<div class=\"elementor-container elementor-column-gap-default\">\n\t\t\t\t\t<div class=\"elementor-column elementor-col-33 elementor-top-column elementor-element elementor-element-501bdde\" data-id=\"501bdde\" data-element_type=\"column\">\n\t\t\t<div class=\"elementor-widget-wrap\">\n\t\t\t\t\t\t\t<\/div>\n\t\t<\/div>\n\t\t\t\t<div class=\"elementor-column elementor-col-33 elementor-top-column elementor-element elementor-element-2814044\" data-id=\"2814044\" data-element_type=\"column\" data-settings=\"{&quot;background_background&quot;:&quot;classic&quot;}\">\n\t\t\t<div class=\"elementor-widget-wrap\">\n\t\t\t\t\t\t\t<\/div>\n\t\t<\/div>\n\t\t\t\t<div class=\"elementor-column elementor-col-33 elementor-top-column elementor-element elementor-element-1892c67\" data-id=\"1892c67\" data-element_type=\"column\">\n\t\t\t<div class=\"elementor-widget-wrap elementor-element-populated\">\n\t\t\t\t\t\t<div class=\"elementor-element elementor-element-8276628 elementor-hidden-mobile elementor-invisible elementor-widget elementor-widget-rt-shape\" data-id=\"8276628\" data-element_type=\"widget\" data-widget_type=\"rt-shape.default\">\n\t\t\t\t<div class=\"elementor-widget-container\">\n\t\t\t\t\t\n<div class=\"rt-shape-layout rt-shape-style1 wow fadeInDown\" data-wow-delay=\"0.2s\" data-wow-duration=\"1.2s\">\t\n\n    \t<div class=\"rt-shape-item\" \n        style=\"position: absolute;\n            --faktorie-shape:url(https:\/\/radiustheme.com\/demo\/wordpress\/themes\/faktorie\/wp-content\/uploads\/2023\/02\/hero_top_vactor.svg);\">\n\t<\/div>\n    <\/div>\t\t\t\t<\/div>\n\t\t\t\t<\/div>\n\t\t\t\t<div class=\"elementor-element elementor-element-ae1201c elementor-invisible elementor-widget elementor-widget-rt-title-with-text\" data-id=\"ae1201c\" data-element_type=\"widget\" data-widget_type=\"rt-title-with-text.default\">\n\t\t\t\t<div class=\"elementor-widget-container\">\n\t\t\t\t\t<div class=\"rt-title-text has-animation title-text-style1\">\n\t\t\t<div class=\"entry-subtitle hide fadeInUp\" data-wow-delay=\"0.2s\" data-wow-duration=\"1.2s\">EVERYTHING YOU NEED<span class=\"line\"><\/span><\/div>\n\t\t\t\t<h2 class=\"entry-title hide fadeInUp\" data-wow-delay=\"0.4s\" data-wow-duration=\"1.2s\">We produce solutions and deliver them in the fastest time<\/h2>\t\t\n\t\t\n\t<div class=\"entry-content hide fadeInUp\" data-wow-delay=\"0.6s\" data-wow-duration=\"1.2s\"><p>Founded in 1981 in Ostim Industrial Zone, Iki-El Makina has a long history in the manufacture and sale of construction machinery. Since its establishment, the company, which attracts attention with its experience and expert staff in the sector, acts with the aim of keeping customer satisfaction at the highest level. Iki-El Makina has adopted the principle of providing the best service to its customers by adopting high quality standards with the understanding of continuous development and innovation. Its experienced team prioritizes reliability and quality while producing fast and effective solutions to customer demands. Thanks to its customer-oriented approach,<\/p><p>\u0130ki-El Makina has strengthened its competitive position in the sector. Whether for new construction projects or maintenance of existing machines, the company is always at your side with its wide range of products and technical support. As a result, Iki-El Makina strengthens its position in the sector by combining quality, trust and customer satisfaction in the field of construction machinery. It is important to remember that they are here to offer the most suitable solutions for your needs!<\/p><p>\u00a0<\/p><\/div>\n\n\t<\/div>\t\t\t\t<\/div>\n\t\t\t\t<\/div>\n\t\t\t\t<section class=\"elementor-section elementor-inner-section elementor-element elementor-element-4f1fe5f elementor-section-boxed elementor-section-height-default elementor-section-height-default rt-parallax-bg-no\" data-id=\"4f1fe5f\" data-element_type=\"section\">\n\t\t\t\t\t\t<div class=\"elementor-container elementor-column-gap-default\">\n\t\t\t\t\t<div class=\"elementor-column elementor-col-50 elementor-inner-column elementor-element elementor-element-155185e\" data-id=\"155185e\" data-element_type=\"column\">\n\t\t\t<div class=\"elementor-widget-wrap elementor-element-populated\">\n\t\t\t\t\t\t<div class=\"elementor-element elementor-element-9300db9 elementor-invisible elementor-widget elementor-widget-rt-info-box\" data-id=\"9300db9\" data-element_type=\"widget\" data-widget_type=\"rt-info-box.default\">\n\t\t\t\t<div class=\"elementor-widget-container\">\n\t\t\t\t\t<div class=\"rt-info-box rt-info-style4 hide fadeInUp\" data-wow-delay=\"0.2s\" data-wow-duration=\"1.2s\">\n\t<div class=\"rt-info-item media-icon\">\t\t\n\t\t<div class=\"rt-media\">\n\t\t\t \t\n\t\t\t\t\t\t\t<span class=\"rt-icon\"><i class=\" icon-faktorie-automotive\"><\/i><\/span>\n\t\t\t\t\t\t\t\n\n\t\t\t\t\t\t<h3 class=\"rt-title\">Professional&amp;<br>  Qualified<\/h3>\n\t\t\t\t\t<\/div>\n\t\t<div class=\"rt-content\">\t\t\t\n\t\t\t\t\t<\/div>\n\t<\/div>\n<\/div>\t\t\t\t<\/div>\n\t\t\t\t<\/div>\n\t\t\t\t\t<\/div>\n\t\t<\/div>\n\t\t\t\t<div class=\"elementor-column elementor-col-50 elementor-inner-column elementor-element elementor-element-bd575c7\" data-id=\"bd575c7\" data-element_type=\"column\">\n\t\t\t<div class=\"elementor-widget-wrap elementor-element-populated\">\n\t\t\t\t\t\t<div class=\"elementor-element elementor-element-4d3754c elementor-invisible elementor-widget elementor-widget-rt-info-box\" data-id=\"4d3754c\" data-element_type=\"widget\" data-widget_type=\"rt-info-box.default\">\n\t\t\t\t<div class=\"elementor-widget-container\">\n\t\t\t\t\t<div class=\"rt-info-box rt-info-style4 hide fadeInUp\" data-wow-delay=\"0.2s\" data-wow-duration=\"1.2s\">\n\t<div class=\"rt-info-item media-icon\">\t\t\n\t\t<div class=\"rt-media\">\n\t\t\t \t\n\t\t\t\t\t\t\t<span class=\"rt-icon\"><i class=\" icon-faktorie-architecture\"><\/i><\/span>\n\t\t\t\t\t\t\t\n\n\t\t\t\t\t\t<h3 class=\"rt-title\">Crushing Screening<br> Facilities<\/h3>\n\t\t\t\t\t<\/div>\n\t\t<div class=\"rt-content\">\t\t\t\n\t\t\t\t\t<\/div>\n\t<\/div>\n<\/div>\t\t\t\t<\/div>\n\t\t\t\t<\/div>\n\t\t\t\t\t<\/div>\n\t\t<\/div>\n\t\t\t\t\t<\/div>\n\t\t<\/section>\n\t\t\t\t\t<\/div>\n\t\t<\/div>\n\t\t\t\t\t<\/div>\n\t\t<\/section>\n\t\t\t\t<\/div>\n\t\t","protected":false},"excerpt":{"rendered":"<p>ABOUT \u0130K\u0130-EL MACHINE \u0130ki-El Machine Over 40 Years He Developed Solutions That Left a Trace of His Identity. Our company was established in Ostim Industrial Zone in 1981. It operates in the main sector of manufacturing and selling construction machinery. Professional and Qualified Crushing and Screening Plants Crushers, Stone and Sand Bunkers Fixed and Mobile [&hellip;]<\/p>\n","protected":false},"author":1,"featured_media":0,"parent":0,"menu_order":0,"comment_status":"closed","ping_status":"closed","template":"elementor_header_footer","meta":{"footnotes":""},"class_list":["post-5829","page","type-page","status-publish","hentry"],"_links":{"self":[{"href":"https:\/\/www.iki-elmakina.com\/en\/wp-json\/wp\/v2\/pages\/5829","targetHints":{"allow":["GET"]}}],"collection":[{"href":"https:\/\/www.iki-elmakina.com\/en\/wp-json\/wp\/v2\/pages"}],"about":[{"href":"https:\/\/www.iki-elmakina.com\/en\/wp-json\/wp\/v2\/types\/page"}],"author":[{"embeddable":true,"href":"https:\/\/www.iki-elmakina.com\/en\/wp-json\/wp\/v2\/users\/1"}],"replies":[{"embeddable":true,"href":"https:\/\/www.iki-elmakina.com\/en\/wp-json\/wp\/v2\/comments?post=5829"}],"version-history":[{"count":13,"href":"https:\/\/www.iki-elmakina.com\/en\/wp-json\/wp\/v2\/pages\/5829\/revisions"}],"predecessor-version":[{"id":6180,"href":"https:\/\/www.iki-elmakina.com\/en\/wp-json\/wp\/v2\/pages\/5829\/revisions\/6180"}],"wp:attachment":[{"href":"https:\/\/www.iki-elmakina.com\/en\/wp-json\/wp\/v2\/media?parent=5829"}],"curies":[{"name":"wp","href":"https:\/\/api.w.org\/{rel}","templated":true}]}}