{"id":5841,"date":"2023-02-06T08:23:44","date_gmt":"2023-02-06T08:23:44","guid":{"rendered":"https:\/\/www.iki-elmakina.com\/a-propos-de-nous\/"},"modified":"2024-12-15T08:52:43","modified_gmt":"2024-12-15T08:52:43","slug":"a-propos-de-nous","status":"publish","type":"page","link":"https:\/\/www.iki-elmakina.com\/fr\/a-propos-de-nous\/","title":{"rendered":"A propos de nous"},"content":{"rendered":"\t\t<div data-elementor-type=\"wp-page\" data-elementor-id=\"5841\" class=\"elementor elementor-5841 elementor-88\">\n\t\t\t\t\t\t<section class=\"elementor-section elementor-top-section elementor-element elementor-element-afd4382 elementor-section-boxed elementor-section-height-default elementor-section-height-default rt-parallax-bg-no\" data-id=\"afd4382\" data-element_type=\"section\">\n\t\t\t\t\t\t<div class=\"elementor-container elementor-column-gap-default\">\n\t\t\t\t\t<div class=\"elementor-column elementor-col-50 elementor-top-column elementor-element elementor-element-75053d4\" data-id=\"75053d4\" data-element_type=\"column\">\n\t\t\t<div class=\"elementor-widget-wrap elementor-element-populated\">\n\t\t\t\t\t\t<div class=\"elementor-element elementor-element-7048e59 elementor-invisible elementor-widget elementor-widget-rt-title-with-text\" data-id=\"7048e59\" data-element_type=\"widget\" data-widget_type=\"rt-title-with-text.default\">\n\t\t\t\t<div class=\"elementor-widget-container\">\n\t\t\t\t\t<div class=\"rt-title-text has-animation title-text-style1\">\n\t\t\t<div class=\"entry-subtitle hide fadeInUp\" data-wow-delay=\"0.2s\" data-wow-duration=\"1.2s\">\u00c0 PROPOS DE NOUS<span class=\"line\"><\/span><\/div>\n\t\t\t\t<h2 class=\"entry-title hide fadeInUp\" data-wow-delay=\"0.4s\" data-wow-duration=\"1.2s\">iki-El Makina <span>d\u00e9veloppe des solutions en laissant la trace de son identit\u00e9 depuis plus de 40 ans<\/span><\/h2>\t\t\n\t\t\n\t<div class=\"entry-content hide fadeInUp\" data-wow-delay=\"0.6s\" data-wow-duration=\"1.2s\"><p>Notre soci\u00e9t\u00e9 a \u00e9t\u00e9 cr\u00e9\u00e9e en 1981 dans la zone industrielle d'OSTIM. Elle op\u00e8re dans le secteur principal de la fabrication et de la vente de machines de construction.<\/p><\/div>\n\n\t<\/div>\t\t\t\t<\/div>\n\t\t\t\t<\/div>\n\t\t\t\t<section class=\"elementor-section elementor-inner-section elementor-element elementor-element-870b4c2 elementor-section-boxed elementor-section-height-default elementor-section-height-default rt-parallax-bg-no\" data-id=\"870b4c2\" data-element_type=\"section\">\n\t\t\t\t\t\t<div class=\"elementor-container elementor-column-gap-default\">\n\t\t\t\t\t<div class=\"elementor-column elementor-col-50 elementor-inner-column elementor-element elementor-element-7edfdfb\" data-id=\"7edfdfb\" data-element_type=\"column\">\n\t\t\t<div class=\"elementor-widget-wrap elementor-element-populated\">\n\t\t\t\t\t\t<div class=\"elementor-element elementor-element-77c4784 elementor-invisible elementor-widget elementor-widget-rt-info-box\" data-id=\"77c4784\" data-element_type=\"widget\" data-widget_type=\"rt-info-box.default\">\n\t\t\t\t<div class=\"elementor-widget-container\">\n\t\t\t\t\t<div class=\"rt-info-box rt-info-style1 hide fadeInUp\" data-wow-delay=\"0.2s\" data-wow-duration=\"1.2s\">\n\t<div class=\"rt-info-item media-icon  \">\t\t\n\t\t<div class=\"rt-media\">\n\t\t\t \t\n\t\t\t\t\t\t\t<span class=\"rt-icon\"><i class=\" icon-faktorie-testing\"><\/i><\/span>\n\t\t\t\t\t\t\t\n\t\t<\/div>\n\t\t<div class=\"rt-content\">\n\t\t\t\t\t\t<h3 class=\"rt-title\">Professionnel et qualifi\u00e9<\/h3>\n\t\t\t\t\t<\/div>\n\t<\/div>\n<\/div>\t\t\t\t<\/div>\n\t\t\t\t<\/div>\n\t\t\t\t\t<\/div>\n\t\t<\/div>\n\t\t\t\t<div class=\"elementor-column elementor-col-50 elementor-inner-column elementor-element elementor-element-30eff9d\" data-id=\"30eff9d\" data-element_type=\"column\">\n\t\t\t<div class=\"elementor-widget-wrap elementor-element-populated\">\n\t\t\t\t\t\t<div class=\"elementor-element elementor-element-657a04f elementor-widget__width-initial elementor-icon-list--layout-traditional elementor-list-item-link-full_width elementor-widget elementor-widget-icon-list\" data-id=\"657a04f\" data-element_type=\"widget\" data-widget_type=\"icon-list.default\">\n\t\t\t\t<div class=\"elementor-widget-container\">\n\t\t\t\t\t\t\t<ul class=\"elementor-icon-list-items\">\n\t\t\t\t\t\t\t<li class=\"elementor-icon-list-item\">\n\t\t\t\t\t\t\t\t\t\t\t<span class=\"elementor-icon-list-icon\">\n\t\t\t\t\t\t\t<i aria-hidden=\"true\" class=\"fas fa-check-circle\"><\/i>\t\t\t\t\t\t<\/span>\n\t\t\t\t\t\t\t\t\t\t<span class=\"elementor-icon-list-text\">Installations de concassage et de criblage<\/span>\n\t\t\t\t\t\t\t\t\t<\/li>\n\t\t\t\t\t\t\t\t<li class=\"elementor-icon-list-item\">\n\t\t\t\t\t\t\t\t\t\t\t<span class=\"elementor-icon-list-icon\">\n\t\t\t\t\t\t\t<i aria-hidden=\"true\" class=\"fas fa-check-circle\"><\/i>\t\t\t\t\t\t<\/span>\n\t\t\t\t\t\t\t\t\t\t<span class=\"elementor-icon-list-text\">Concasseurs, bunkers de pierre et de sable<\/span>\n\t\t\t\t\t\t\t\t\t<\/li>\n\t\t\t\t\t\t\t\t<li class=\"elementor-icon-list-item\">\n\t\t\t\t\t\t\t\t\t\t\t<span class=\"elementor-icon-list-icon\">\n\t\t\t\t\t\t\t<i aria-hidden=\"true\" class=\"fas fa-check-circle\"><\/i>\t\t\t\t\t\t<\/span>\n\t\t\t\t\t\t\t\t\t\t<span class=\"elementor-icon-list-text\">Bandes transporteuses fixes et mobiles<\/span>\n\t\t\t\t\t\t\t\t\t<\/li>\n\t\t\t\t\t\t<\/ul>\n\t\t\t\t\t\t<\/div>\n\t\t\t\t<\/div>\n\t\t\t\t\t<\/div>\n\t\t<\/div>\n\t\t\t\t\t<\/div>\n\t\t<\/section>\n\t\t\t\t<div class=\"elementor-element elementor-element-0160e2f elementor-widget elementor-widget-text-editor\" data-id=\"0160e2f\" data-element_type=\"widget\" data-widget_type=\"text-editor.default\">\n\t\t\t\t<div class=\"elementor-widget-container\">\n\t\t\t\t\t\t\t\t\t<p>Notre soci\u00e9t\u00e9 agit dans le but de maintenir la satisfaction du client au plus haut niveau dans les domaines de la production et du service. TWO-EL Makina ; son personnel exp\u00e9riment\u00e9 et comp\u00e9tent s&rsquo;efforce toujours de fournir le meilleur service \u00e0 ses clients, conform\u00e9ment aux principes de qualit\u00e9 et de confiance. <\/p>\n\t\t\t\t\t\t\t\t<\/div>\n\t\t\t\t<\/div>\n\t\t\t\t<div class=\"elementor-element elementor-element-400f70a elementor-invisible elementor-widget elementor-widget-rt-button\" data-id=\"400f70a\" data-element_type=\"widget\" data-widget_type=\"rt-button.default\">\n\t\t\t\t<div class=\"elementor-widget-container\">\n\t\t\t\t\t<div class=\"rt-button hide fadeInUp\" data-wow-delay=\"0.2s\" data-wow-duration=\"1.2s\">\n\t\t\t<a class=\"button-link button-style-2\" href=\"https:\/\/www.iki-elmakina.com\/service\/ceneli-kiricilar\/\">\n                        <span class=\"button-text button-text-right\">Explorer les services<\/span>\n                        <span class=\"icon icon-right\"><i class=\" icon-faktorie-right-arrow\"><\/i><\/span>\n                    <\/a>\n\t<\/div>\t\t\t\t<\/div>\n\t\t\t\t<\/div>\n\t\t\t\t\t<\/div>\n\t\t<\/div>\n\t\t\t\t<div class=\"elementor-column elementor-col-50 elementor-top-column elementor-element elementor-element-6d7447d\" data-id=\"6d7447d\" data-element_type=\"column\">\n\t\t\t<div class=\"elementor-widget-wrap elementor-element-populated\">\n\t\t\t\t\t\t<div class=\"elementor-element elementor-element-5b2816a elementor-hidden-mobile elementor-invisible elementor-widget elementor-widget-rt-shape\" data-id=\"5b2816a\" data-element_type=\"widget\" data-widget_type=\"rt-shape.default\">\n\t\t\t\t<div class=\"elementor-widget-container\">\n\t\t\t\t\t\n<div class=\"rt-shape-layout rt-shape-style2 hide fadeInDown\" data-wow-delay=\"0.2s\" data-wow-duration=\"1.2s\">\t\n\n            <div class=\"rt-shape-item\" style=\"position: absolute\"><span class=\"rt-img fa-spin\" style=\"animation-duration: 10s\"><\/span><\/div>\n    <\/div>\t\t\t\t<\/div>\n\t\t\t\t<\/div>\n\t\t\t\t<div class=\"elementor-element elementor-element-934bd18 responsive-image-fit elementor-widget elementor-widget-image\" data-id=\"934bd18\" data-element_type=\"widget\" data-widget_type=\"image.default\">\n\t\t\t\t<div class=\"elementor-widget-container\">\n\t\t\t\t\t\t\t\t\t\t\t\t\t\t\t<img fetchpriority=\"high\" decoding=\"async\" width=\"800\" height=\"600\" src=\"https:\/\/www.iki-elmakina.com\/wp-content\/uploads\/2023\/02\/10.jpg\" class=\"attachment-full size-full wp-image-5526\" alt=\"\" srcset=\"https:\/\/www.iki-elmakina.com\/wp-content\/uploads\/2023\/02\/10.jpg 800w, https:\/\/www.iki-elmakina.com\/wp-content\/uploads\/2023\/02\/10-300x225.jpg 300w, https:\/\/www.iki-elmakina.com\/wp-content\/uploads\/2023\/02\/10-768x576.jpg 768w, https:\/\/www.iki-elmakina.com\/wp-content\/uploads\/2023\/02\/10-600x450.jpg 600w\" sizes=\"(max-width: 800px) 100vw, 800px\" \/>\t\t\t\t\t\t\t\t\t\t\t\t\t\t\t<\/div>\n\t\t\t\t<\/div>\n\t\t\t\t<div class=\"elementor-element elementor-element-d614bcc elementor-widget__width-auto elementor-absolute elementor-invisible elementor-widget elementor-widget-rt-video\" data-id=\"d614bcc\" data-element_type=\"widget\" data-settings=\"{&quot;_position&quot;:&quot;absolute&quot;}\" data-widget_type=\"rt-video.default\">\n\t\t\t\t<div class=\"elementor-widget-container\">\n\t\t\t\t\t<div class=\"rt-video-layout rt-video-style1\">\n\t<div class=\"rt-video hide fadeInUp\" data-wow-delay=\"0.2s\" data-wow-duration=\"1.2s\">\n\t\t<div class=\"rt-img\">\n\t\t<img decoding=\"async\" width=\"300\" height=\"225\" src=\"https:\/\/www.iki-elmakina.com\/wp-content\/uploads\/2024\/10\/54-300x225.jpg\" class=\"attachment-medium size-medium wp-image-4789\" alt=\"\" srcset=\"https:\/\/www.iki-elmakina.com\/wp-content\/uploads\/2024\/10\/54-300x225.jpg 300w, https:\/\/www.iki-elmakina.com\/wp-content\/uploads\/2024\/10\/54-768x576.jpg 768w, https:\/\/www.iki-elmakina.com\/wp-content\/uploads\/2024\/10\/54-600x450.jpg 600w, https:\/\/www.iki-elmakina.com\/wp-content\/uploads\/2024\/10\/54.jpg 800w\" sizes=\"(max-width: 300px) 100vw, 300px\" \/>\t\t<div class=\"rt-icon\">\t\t\t\n\t\t\t<a class=\"rt-play play-btn-white rt-video-popup\" aria-label=\"Video Popup\" href=\"#\"><i class=\"icon-faktorie-play\"><\/i><\/a>\n\t\t\t\t\t<\/div>\n\t\t<\/div>\t\t\n\t<\/div>\n<\/div>\t\t\t\t<\/div>\n\t\t\t\t<\/div>\n\t\t\t\t\t<\/div>\n\t\t<\/div>\n\t\t\t\t\t<\/div>\n\t\t<\/section>\n\t\t\t\t<section class=\"elementor-section elementor-top-section elementor-element elementor-element-760c397 elementor-section-boxed elementor-section-height-default elementor-section-height-default rt-parallax-bg-no\" data-id=\"760c397\" data-element_type=\"section\" data-settings=\"{&quot;background_background&quot;:&quot;classic&quot;}\">\n\t\t\t\t\t\t<div class=\"elementor-container elementor-column-gap-default\">\n\t\t\t\t\t<div class=\"elementor-column elementor-col-33 elementor-top-column elementor-element elementor-element-501bdde\" data-id=\"501bdde\" data-element_type=\"column\">\n\t\t\t<div class=\"elementor-widget-wrap\">\n\t\t\t\t\t\t\t<\/div>\n\t\t<\/div>\n\t\t\t\t<div class=\"elementor-column elementor-col-33 elementor-top-column elementor-element elementor-element-2814044\" data-id=\"2814044\" data-element_type=\"column\" data-settings=\"{&quot;background_background&quot;:&quot;classic&quot;}\">\n\t\t\t<div class=\"elementor-widget-wrap\">\n\t\t\t\t\t\t\t<\/div>\n\t\t<\/div>\n\t\t\t\t<div class=\"elementor-column elementor-col-33 elementor-top-column elementor-element elementor-element-1892c67\" data-id=\"1892c67\" data-element_type=\"column\">\n\t\t\t<div class=\"elementor-widget-wrap elementor-element-populated\">\n\t\t\t\t\t\t<div class=\"elementor-element elementor-element-8276628 elementor-hidden-mobile elementor-invisible elementor-widget elementor-widget-rt-shape\" data-id=\"8276628\" data-element_type=\"widget\" data-widget_type=\"rt-shape.default\">\n\t\t\t\t<div class=\"elementor-widget-container\">\n\t\t\t\t\t\n<div class=\"rt-shape-layout rt-shape-style1 wow fadeInDown\" data-wow-delay=\"0.2s\" data-wow-duration=\"1.2s\">\t\n\n    \t<div class=\"rt-shape-item\" \n        style=\"position: absolute;\n            --faktorie-shape:url(https:\/\/radiustheme.com\/demo\/wordpress\/themes\/faktorie\/wp-content\/uploads\/2023\/02\/hero_top_vactor.svg);\">\n\t<\/div>\n    <\/div>\t\t\t\t<\/div>\n\t\t\t\t<\/div>\n\t\t\t\t<div class=\"elementor-element elementor-element-ae1201c elementor-invisible elementor-widget elementor-widget-rt-title-with-text\" data-id=\"ae1201c\" data-element_type=\"widget\" data-widget_type=\"rt-title-with-text.default\">\n\t\t\t\t<div class=\"elementor-widget-container\">\n\t\t\t\t\t<div class=\"rt-title-text has-animation title-text-style1\">\n\t\t\t<div class=\"entry-subtitle hide fadeInUp\" data-wow-delay=\"0.2s\" data-wow-duration=\"1.2s\">TOUT CE DONT VOUS AVEZ BESOIN<span class=\"line\"><\/span><\/div>\n\t\t\t\t<h2 class=\"entry-title hide fadeInUp\" data-wow-delay=\"0.4s\" data-wow-duration=\"1.2s\">Nous produisons des solutions et les livrons dans les meilleurs d\u00e9lais.<\/h2>\t\t\n\t\t\n\t<div class=\"entry-content hide fadeInUp\" data-wow-delay=\"0.6s\" data-wow-duration=\"1.2s\"><p>Fond\u00e9e en 1981 dans la zone industrielle d'Ostim, \u0130ki-El Makina a une longue histoire dans le domaine de la fabrication et de la vente de machines de construction. Depuis sa cr\u00e9ation, l'entreprise, qui attire l'attention par son exp\u00e9rience et son personnel sp\u00e9cialis\u00e9 dans le secteur, agit dans le but de maintenir la satisfaction de ses clients au plus haut niveau.<\/p><p>\u0130ki-El Makina a adopt\u00e9 le principe de fournir le meilleur service \u00e0 ses clients en adoptant des normes de qualit\u00e9 \u00e9lev\u00e9es dans une optique de d\u00e9veloppement et d'innovation continus. Son \u00e9quipe exp\u00e9riment\u00e9e privil\u00e9gie la fiabilit\u00e9 et la qualit\u00e9 tout en apportant des solutions rapides et efficaces aux demandes des clients.<\/p><p>Gr\u00e2ce \u00e0 son approche orient\u00e9e vers le client, \u0130ki-El Makina a renforc\u00e9 sa position concurrentielle dans le secteur. Qu'il s'agisse de nouveaux projets de construction ou de l'entretien de machines existantes, l'entreprise est toujours \u00e0 vos c\u00f4t\u00e9s avec sa large gamme de produits et son assistance technique.<\/p><p>Ainsi, \u0130ki-El Makina renforce sa position dans le secteur en alliant qualit\u00e9, confiance et satisfaction du client dans le domaine des machines de construction. N'oubliez pas qu'ils sont l\u00e0 pour vous offrir les solutions les plus adapt\u00e9es \u00e0 vos besoins !<\/p><\/div>\n\n\t<\/div>\t\t\t\t<\/div>\n\t\t\t\t<\/div>\n\t\t\t\t<section class=\"elementor-section elementor-inner-section elementor-element elementor-element-4f1fe5f elementor-section-boxed elementor-section-height-default elementor-section-height-default rt-parallax-bg-no\" data-id=\"4f1fe5f\" data-element_type=\"section\">\n\t\t\t\t\t\t<div class=\"elementor-container elementor-column-gap-default\">\n\t\t\t\t\t<div class=\"elementor-column elementor-col-50 elementor-inner-column elementor-element elementor-element-155185e\" data-id=\"155185e\" data-element_type=\"column\">\n\t\t\t<div class=\"elementor-widget-wrap elementor-element-populated\">\n\t\t\t\t\t\t<div class=\"elementor-element elementor-element-9300db9 elementor-invisible elementor-widget elementor-widget-rt-info-box\" data-id=\"9300db9\" data-element_type=\"widget\" data-widget_type=\"rt-info-box.default\">\n\t\t\t\t<div class=\"elementor-widget-container\">\n\t\t\t\t\t<div class=\"rt-info-box rt-info-style4 hide fadeInUp\" data-wow-delay=\"0.2s\" data-wow-duration=\"1.2s\">\n\t<div class=\"rt-info-item media-icon\">\t\t\n\t\t<div class=\"rt-media\">\n\t\t\t \t\n\t\t\t\t\t\t\t<span class=\"rt-icon\"><i class=\" icon-faktorie-automotive\"><\/i><\/span>\n\t\t\t\t\t\t\t\n\n\t\t\t\t\t\t<h3 class=\"rt-title\">Professionnel et qualifi\u00e9<\/h3>\n\t\t\t\t\t<\/div>\n\t\t<div class=\"rt-content\">\t\t\t\n\t\t\t\t\t<\/div>\n\t<\/div>\n<\/div>\t\t\t\t<\/div>\n\t\t\t\t<\/div>\n\t\t\t\t\t<\/div>\n\t\t<\/div>\n\t\t\t\t<div class=\"elementor-column elementor-col-50 elementor-inner-column elementor-element elementor-element-bd575c7\" data-id=\"bd575c7\" data-element_type=\"column\">\n\t\t\t<div class=\"elementor-widget-wrap elementor-element-populated\">\n\t\t\t\t\t\t<div class=\"elementor-element elementor-element-4d3754c elementor-invisible elementor-widget elementor-widget-rt-info-box\" data-id=\"4d3754c\" data-element_type=\"widget\" data-widget_type=\"rt-info-box.default\">\n\t\t\t\t<div class=\"elementor-widget-container\">\n\t\t\t\t\t<div class=\"rt-info-box rt-info-style4 hide fadeInUp\" data-wow-delay=\"0.2s\" data-wow-duration=\"1.2s\">\n\t<div class=\"rt-info-item media-icon\">\t\t\n\t\t<div class=\"rt-media\">\n\t\t\t \t\n\t\t\t\t\t\t\t<span class=\"rt-icon\"><i class=\" icon-faktorie-architecture\"><\/i><\/span>\n\t\t\t\t\t\t\t\n\n\t\t\t\t\t\t<h3 class=\"rt-title\">Installations de concassage et de criblagei<\/h3>\n\t\t\t\t\t<\/div>\n\t\t<div class=\"rt-content\">\t\t\t\n\t\t\t\t\t<\/div>\n\t<\/div>\n<\/div>\t\t\t\t<\/div>\n\t\t\t\t<\/div>\n\t\t\t\t\t<\/div>\n\t\t<\/div>\n\t\t\t\t\t<\/div>\n\t\t<\/section>\n\t\t\t\t\t<\/div>\n\t\t<\/div>\n\t\t\t\t\t<\/div>\n\t\t<\/section>\n\t\t\t\t<\/div>\n\t\t","protected":false},"excerpt":{"rendered":"<p>\u00c0 PROPOS DE NOUS iki-El Makina d\u00e9veloppe des solutions en laissant la trace de son identit\u00e9 depuis plus de 40 ans Notre soci\u00e9t\u00e9 a \u00e9t\u00e9 cr\u00e9\u00e9e en 1981 dans la zone industrielle d&rsquo;OSTIM. Elle op\u00e8re dans le secteur principal de la fabrication et de la vente de machines de construction. Professionnel et qualifi\u00e9 Installations de [&hellip;]<\/p>\n","protected":false},"author":1,"featured_media":0,"parent":0,"menu_order":0,"comment_status":"closed","ping_status":"closed","template":"elementor_header_footer","meta":{"footnotes":""},"class_list":["post-5841","page","type-page","status-publish","hentry"],"_links":{"self":[{"href":"https:\/\/www.iki-elmakina.com\/fr\/wp-json\/wp\/v2\/pages\/5841","targetHints":{"allow":["GET"]}}],"collection":[{"href":"https:\/\/www.iki-elmakina.com\/fr\/wp-json\/wp\/v2\/pages"}],"about":[{"href":"https:\/\/www.iki-elmakina.com\/fr\/wp-json\/wp\/v2\/types\/page"}],"author":[{"embeddable":true,"href":"https:\/\/www.iki-elmakina.com\/fr\/wp-json\/wp\/v2\/users\/1"}],"replies":[{"embeddable":true,"href":"https:\/\/www.iki-elmakina.com\/fr\/wp-json\/wp\/v2\/comments?post=5841"}],"version-history":[{"count":16,"href":"https:\/\/www.iki-elmakina.com\/fr\/wp-json\/wp\/v2\/pages\/5841\/revisions"}],"predecessor-version":[{"id":6387,"href":"https:\/\/www.iki-elmakina.com\/fr\/wp-json\/wp\/v2\/pages\/5841\/revisions\/6387"}],"wp:attachment":[{"href":"https:\/\/www.iki-elmakina.com\/fr\/wp-json\/wp\/v2\/media?parent=5841"}],"curies":[{"name":"wp","href":"https:\/\/api.w.org\/{rel}","templated":true}]}}